{"id":6989,"date":"2014-11-06T22:12:26","date_gmt":"2014-11-07T01:12:26","guid":{"rendered":"http:\/\/pcb.org.br\/portal2\/?page_id=6989"},"modified":"2022-05-13T21:51:33","modified_gmt":"2022-05-14T00:51:33","slug":"internacional-partidos-e-organizacoes","status":"publish","type":"page","link":"https:\/\/pcb.org.br\/portal2\/internacional-partidos-e-organizacoes","title":{"rendered":"Internacional: partidos e organiza\u00e7\u00f5es"},"content":{"rendered":"<p><a href=\"http:\/\/abpnoticias.org\/\" target=\"_blank\" rel=\"noopener\">Ag\u00eancia Bolivariana de Imprensa \u2013 ABP<\/a><\/p>\n<p><a href=\"http:\/\/www.dkp.de\/\" target=\"_blank\" rel=\"noopener\">DKP \u2013 Partido Comunista Alem\u00e3o<\/a><\/p>\n<p><a href=\"http:\/\/partidofarc.com.co\/farc\/\" target=\"_blank\" rel=\"noopener\">FARCs<\/a><\/p>\n<p><a href=\"http:\/\/www.fdlpalestina.org\/\" target=\"_blank\" rel=\"noopener\">FDLP \u2013 Frente Democr\u00e1tica pela Liberta\u00e7\u00e3o da Palestina<\/a><\/p>\n<p><a href=\"http:\/\/www.pflp.ps\/\" target=\"_blank\" rel=\"noopener\">FPLP \u2013 Frente Popular de Liberta\u00e7\u00e3o da Palestina<\/a><\/p>\n<p><a href=\"http:\/\/www.frelimo.org.mz\/\" target=\"_blank\" rel=\"noopener\">FRELIMO \u2013 Frente de Liberta\u00e7\u00e3o de Mo\u00e7ambique<\/a><\/p>\n<p><a href=\"http:\/\/pt.kke.gr\/\" target=\"_blank\" rel=\"noopener\">KKE \u2013 Partido Comunista da Grecia<\/a><\/p>\n<p><a href=\"http:\/\/mcboficial.webnode.es\/\" target=\"_blank\" rel=\"noopener\">MCB \u2013 Movimento Continental Bolivariano<\/a><\/p>\n<p><a href=\"http:\/\/www.mpla.ao\/\" target=\"_blank\" rel=\"noopener\">MPLA \u2013 Movimento Popular de Liberta\u00e7\u00e3o de Angola<\/a><\/p>\n<p><a href=\"http:\/\/www.munkaspart.hu\/index.php\" target=\"_blank\" rel=\"noopener\">Munk\u00e1sp\u00e1rt \u2013 Partido Comunista Oper\u00e1rio H\u00fangaro<\/a><\/p>\n<p><a href=\"http:\/\/www.odiario.info\/\" target=\"_blank\" rel=\"noopener\">Odi\u00e1rio.info \u2013 Odi\u00e1rio.info<\/a><\/p>\n<p><a href=\"http:\/\/www.pacocol.org\/\" target=\"_blank\" rel=\"noopener\">Pacocol \u2013 Partido Comunista Colombiano<\/a><\/p>\n<p><a href=\"http:\/\/www.pca.org.ar\/\" target=\"_blank\" rel=\"noopener\">PCA \u2013 Partido Comunista da Argentina<\/a><\/p>\n<p>PCB \u2013 Partido Comunista da Bol\u00edvia<\/p>\n<p><a href=\"http:\/\/www.pcc.cu\/\" target=\"_blank\" rel=\"noopener\">PCC \u2013 Partido Comunista de Cuba<\/a><\/p>\n<p><a href=\"http:\/\/www.pcchile.cl\/\" target=\"_blank\" rel=\"noopener\">PCCh \u2013 Partido Comunista do Chile<\/a><\/p>\n<p><a href=\"http:\/\/www.pcecuador.org\/\" target=\"_blank\" rel=\"noopener\">PCE \u2013 Partido Comunista do Equador<\/a><\/p>\n<p><a href=\"http:\/\/kprf.ru\/\" target=\"_blank\" rel=\"noopener\">PCFR \u2013 Partido Comunista da Federa\u00e7\u00e3o Russa<\/a><\/p>\n<p><a href=\"http:\/\/rkrp-rpk.ru\/\" target=\"_blank\" rel=\"noopener\">PCTR \u2013 Partido Comunista dos Trabalhadores Russos<\/a><\/p>\n<p><a href=\"http:\/\/www.lcparty.org\/\" target=\"_blank\" rel=\"noopener\">PCL \u2013 Partido Comunista Liban\u00eas<\/a><\/p>\n<p><a href=\"http:\/\/www.comunistas-mexicanos.org\/\" target=\"_blank\" rel=\"noopener\">PCM \u2013 Partido Comunista do M\u00e9xico<\/a><\/p>\n<p><a href=\"http:\/\/www.pcparaguay.org\/\" target=\"_blank\" rel=\"noopener\">PCP \u2013 Partido Comunista Paraguaio<\/a><\/p>\n<p><a href=\"http:\/\/www.pcperuano.com\/\" target=\"_blank\" rel=\"noopener\">PCP \u2013 Partido Comunista Peruano<\/a><\/p>\n<p><a href=\"http:\/\/www.pcp.pt\/\" target=\"_blank\" rel=\"noopener\">PCP \u2013 Partido Comunista Portugu\u00eas<\/a><\/p>\n<p><a href=\"http:\/\/www.pcpe.es\/\" target=\"_blank\" rel=\"noopener\">PCPE \u2013 Partido Comunista dos Povos da Espanha<\/a><\/p>\n<p><a href=\"http:\/\/www.syriancp.org\/\" target=\"_blank\" rel=\"noopener\">PCS \u2013 Partido Comunista S\u00edrio<\/a><\/p>\n<p><a href=\"http:\/\/www.pcu.org.uy\/\" target=\"_blank\" rel=\"noopener\">PCU \u2013 Partido Comunista Uruguaio<\/a><\/p>\n<p><a href=\"http:\/\/www.pcv-venezuela.org\/\" target=\"_blank\" rel=\"noopener\">PCV \u2013 Partido Comunista da Venezuela<\/a><\/p>\n<p><a href=\"http:\/\/www.elpartidodelpueblo.org\/\" target=\"_blank\" rel=\"noopener\">PPP \u2013 Partido do Povo do Panam\u00e1<\/a><\/p>\n<p><a href=\"http:\/\/www.initiative-communiste.fr\/\" target=\"_blank\" rel=\"noopener\">PRCF \u2013 P\u00f3lo de Renascimento Comunista em Fran\u00e7a<\/a><\/p>\n<p><a href=\"http:\/\/iccr.gr\/\" target=\"_blank\" rel=\"noopener\">RCI \u2013 Revista Comunista Internacional<\/a><\/p>\n<p><a href=\"http:\/\/www.rebelion.org\/\" target=\"_blank\" rel=\"noopener\">Rebelion \u2013 Rebelion.org<\/a><\/p>\n<p><a href=\"https:\/\/resistir.info\/\" target=\"_blank\" rel=\"noopener\">Resistir.info \u2013 Resistir.info<\/a><\/p>\n<p><a href=\"http:\/\/www.sacp.org.za\/\" target=\"_blank\" rel=\"noopener\">SACP \u2013 Partido Comunista Sul Africano<\/a><\/p>\n<p><a href=\"http:\/\/www.solidnet.org\/\" target=\"_blank\" rel=\"noopener\">Solidnet.org \u2013 Rede Solid\u00e1ria<\/a><\/p>\n<p><a href=\"http:\/\/int.tkp.org.tr\/\" target=\"_blank\" rel=\"noopener\">TKP \u2013 Partido Comunista da Turquia<\/a><\/p>\n<p><a href=\"http:\/\/www.wpb.be\/\" target=\"_blank\" rel=\"noopener\">WPB \u2013 Partido do Trabalho da B\u00e9lgica<\/a><\/p>\n","protected":false},"excerpt":{"rendered":"Ag\u00eancia Bolivariana de Imprensa \u2013 ABP DKP \u2013 Partido Comunista Alem\u00e3o FARCs FDLP \u2013 Frente Democr\u00e1tica pela Liberta\u00e7\u00e3o da Palestina FPLP \u2013 Frente \n<a class=\"moretag\" href=\"https:\/\/pcb.org.br\/portal2\/internacional-partidos-e-organizacoes\"> <\/a>","protected":false},"author":1,"featured_media":0,"parent":0,"menu_order":0,"comment_status":"closed","ping_status":"closed","template":"","meta":{"jetpack_post_was_ever_published":false,"footnotes":""},"class_list":["post-6989","page","type-page","status-publish","hentry"],"jetpack_shortlink":"https:\/\/wp.me\/P659gw-1OJ","jetpack-related-posts":[],"jetpack_likes_enabled":true,"jetpack_sharing_enabled":true,"_links":{"self":[{"href":"https:\/\/pcb.org.br\/portal2\/wp-json\/wp\/v2\/pages\/6989","targetHints":{"allow":["GET"]}}],"collection":[{"href":"https:\/\/pcb.org.br\/portal2\/wp-json\/wp\/v2\/pages"}],"about":[{"href":"https:\/\/pcb.org.br\/portal2\/wp-json\/wp\/v2\/types\/page"}],"author":[{"embeddable":true,"href":"https:\/\/pcb.org.br\/portal2\/wp-json\/wp\/v2\/users\/1"}],"replies":[{"embeddable":true,"href":"https:\/\/pcb.org.br\/portal2\/wp-json\/wp\/v2\/comments?post=6989"}],"version-history":[{"count":0,"href":"https:\/\/pcb.org.br\/portal2\/wp-json\/wp\/v2\/pages\/6989\/revisions"}],"wp:attachment":[{"href":"https:\/\/pcb.org.br\/portal2\/wp-json\/wp\/v2\/media?parent=6989"}],"curies":[{"name":"wp","href":"https:\/\/api.w.org\/{rel}","templated":true}]}}